{"id":3517,"date":"2025-08-01T14:33:19","date_gmt":"2025-08-01T14:33:19","guid":{"rendered":"https:\/\/international-barber.university\/?post_type=product&#038;p=3517"},"modified":"2026-02-28T16:46:19","modified_gmt":"2026-02-28T16:46:19","slug":"full-barber-education-autumn-2026","status":"publish","type":"product","link":"https:\/\/international-barber.university\/sl\/izdelek\/full-barber-education-autumn-2026\/","title":{"rendered":"FULL BARBER EDUCATION \u2013 SEPTEMBER 2026"},"content":{"rendered":"<div class=\"elementor-element elementor-element-893a3e4 elementor-widget elementor-widget-text-editor\" data-id=\"893a3e4\" data-element_type=\"widget\" data-widget_type=\"text-editor.default\">\n<div class=\"elementor-widget-container\">\n<h2 data-start=\"477\" data-end=\"519\">Full Barber Education \u2014 9-12 tedenski program<\/h2>\n<p data-start=\"521\" data-end=\"671\">Ta poglobljen program brivstva je namenjen tako popolnim za\u010detnikom kot tudi frizerjem, ki \u017eelijo osvojiti celoten nabor ve\u0161\u010din sodobnega brivca.<\/p>\n<p data-start=\"673\" data-end=\"975\">V 9\u201312 tednih bo\u0161 pre\u0161el od klju\u010dne teorije do prakti\u010dnega dela, pri \u010demer bo\u0161 osvojil vse od stri\u017eenja s \u0161karjami in fadeov do urejanja brade in komunikacije s strankami. Cilj programa: pridobiti samozavest, strukturo in tehni\u010dno znanje, da postane\u0161 brivec, kakr\u0161en si si vedno \u017eelel biti.<\/p>\n<p data-start=\"977\" data-end=\"1050\">\u23f0 Urnik<br data-start=\"992\" data-end=\"995\" \/>Te\u010daj poteka 3-krat na teden, od 16.00 do 21.00.<\/p>\n<h3 data-start=\"1057\" data-end=\"1092\">1.\u20133. teden: Osnove<\/h3>\n<p data-start=\"1093\" data-end=\"1285\">Za\u010dnemo z orodjem, higieno, pripravo delovnega mesta in pripravo strank.\nNau\u010dil se bo\u0161 osnovnih tehnik stri\u017eenja \u2014 enodol\u017einsko stri\u017eenje, plastenje in postopnjevanje \u2014 na lutkah z dalj\u0161imi lasmi.<\/p>\n<p data-start=\"1287\" data-end=\"1420\">Poglobimo se v vse kote stri\u017eenja (vodoravni, navpi\u010dni, diagonalni), poleg tega pa osvoji\u0161 pravilno dr\u017eo, pozicijo rok in metode razdeljevanja las.<\/p>\n<p data-start=\"1422\" data-end=\"1553\">Za\u010dne\u0161 tudi z u\u010denjem tehnik britja \u2013 od \u010disto osnovnih pa vse do naprednej\u0161ih metod, ki jih uporabljajo izku\u0161eni brivci.<\/p>\n<p data-start=\"1555\" data-end=\"1675\">Urejanje brade obravnavamo sistemati\u010dno: dolge brade, kratke brade in pogosto spregledano oblikovanje brkov.<\/p>\n<p data-start=\"1677\" data-end=\"1854\">Zaklju\u010dimo s klasi\u010dnimi kratkimi stri\u017eenji in osnovami fade ter taper fade tehnik \u2014 z velikim poudarkom na tvoji dr\u017ei, telesnem izra\u017eanju in profesionalnem pristopu do strank.<\/p>\n<p data-start=\"1856\" data-end=\"1911\">Ko osvoji\u0161 teorijo, preidemo na delo s pravimi modeli.<\/p>\n<h3 data-start=\"1918\" data-end=\"1963\">4.\u20139. teden: Mojstrenje skozi prakso<\/h3>\n<p data-start=\"1964\" data-end=\"2108\">V naslednjih \u0161estih tednih je v ospredju praksa, ponavljanje in piljenje ve\u0161\u010din.\nZ vsakodnevnim delom na modelih gradi\u0161 hitrost, natan\u010dnost in samozavest.<\/p>\n<p data-start=\"1964\" data-end=\"2108\">V tem delu uvajamo tudi bolj ustvarjalne in zahtevnej\u0161e tehnike stri\u017eenja, poleg tega pa te obi\u0161\u010dejo gostujo\u010di brivci, ki ti predajo svoje znanje in te spodbudijo k razmi\u0161ljanju izven okvirjev.<\/p>\n<p data-start=\"2268\" data-end=\"2350\">V celotnem programu nisi nikoli sam \u2014 podpiramo te na vsakem koraku.<\/p>\n<h3><span class=\"s1\">\ud83d\udd25<\/span><b>\u00a09.\u201312. teden \u2013 Napredna nadgradnja (neobvezno)<br \/>\n<\/b><\/h3>\n<p>Za tiste, ki \u017eelijo\u00a0<b>prese\u010di osnovni program,<\/b>ponujamo neobvezno 3-tedensko nadgradnjo:<\/p>\n<p>Napredni fade, teksture in prekinitve<\/p>\n<p>Natan\u010dno stri\u017eenje in napredno obvladovanje stri\u017enika<\/p>\n<p>Oblikovanje uredni\u0161kih in kreativnih videzov<\/p>\n<p>Napredne tehnike oblikovanja brade<\/p>\n<p>Razvoj portfelja in simulacija izku\u0161enj v salonu<\/p>\n<\/div>\n<\/div>\n<p>&nbsp;<\/p>\n<h3><b>\ud83d\udcb3 CENA IN NA\u010cINI PLA\u010cILA<\/b><\/h3>\n<ul>\n<li>\n<p class=\"p1\"><b>9-tedenski program:<\/b><span class=\"s1\"> 3.000\u202f\u20ac + DDV<\/span><\/p>\n<\/li>\n<li>\n<p class=\"p1\"><b>12-tedenski program (napredno):<\/b><span class=\"s1\"> 4.000\u202f\u20ac + DDV<\/span><\/p>\n<\/li>\n<li>\n<p class=\"p1\"><span class=\"s1\"><b>Rezervacijski depozit:<\/b><\/span> 656\u20ac + DDV <i>(nepovraten, se odbije od skupne cene programa)<\/i> - obvezen za zagotovitev mesta<\/p>\n<\/li>\n<li>\n<p class=\"p1\"><span class=\"s1\"><b>Rok pla\u010dila:<\/b><\/span> Celoten znesek mora biti poravnan v roku 14 dni po izdaji ra\u010duna<\/p>\n<\/li>\n<\/ul>","protected":false},"excerpt":{"rendered":"<h3><strong>\ud83d\uddd3 7.9.2026\u00a0<\/strong> |\u00a0 <strong>\ud83d\udccd Ljubljana<\/strong>\u00a0 |\u00a0<strong> \ud83d\udd25 Omejeno \u0161tevilo mest<\/strong><\/h3>\n<p>Celovit <strong>9-12 tedenski program brivstva<\/strong> za za\u010detnike in frizerje, ki \u017eelijo obvladati vse vidike dela \u2014 od stri\u017eenja s \u0161karjami in fade prehodov do urejanja brade in pristopa do strank.<\/p>","protected":false},"featured_media":3859,"template":"","meta":{"_acf_changed":false,"inline_featured_image":false},"product_brand":[],"product_cat":[25,28],"product_tag":[],"class_list":{"0":"post-3517","1":"product","2":"type-product","3":"status-publish","4":"has-post-thumbnail","6":"product_cat-courses","7":"product_cat-full-barber-education","9":"first","10":"instock","11":"taxable","12":"shipping-taxable","13":"purchasable","14":"product-type-variable"},"acf":[],"_links":{"self":[{"href":"https:\/\/international-barber.university\/sl\/wp-json\/wp\/v2\/product\/3517","targetHints":{"allow":["GET"]}}],"collection":[{"href":"https:\/\/international-barber.university\/sl\/wp-json\/wp\/v2\/product"}],"about":[{"href":"https:\/\/international-barber.university\/sl\/wp-json\/wp\/v2\/types\/product"}],"wp:featuredmedia":[{"embeddable":true,"href":"https:\/\/international-barber.university\/sl\/wp-json\/wp\/v2\/media\/3859"}],"wp:attachment":[{"href":"https:\/\/international-barber.university\/sl\/wp-json\/wp\/v2\/media?parent=3517"}],"wp:term":[{"taxonomy":"product_brand","embeddable":true,"href":"https:\/\/international-barber.university\/sl\/wp-json\/wp\/v2\/product_brand?post=3517"},{"taxonomy":"product_cat","embeddable":true,"href":"https:\/\/international-barber.university\/sl\/wp-json\/wp\/v2\/product_cat?post=3517"},{"taxonomy":"product_tag","embeddable":true,"href":"https:\/\/international-barber.university\/sl\/wp-json\/wp\/v2\/product_tag?post=3517"}],"curies":[{"name":"wp","href":"https:\/\/api.w.org\/{rel}","templated":true}]}}