{"id":2588,"date":"2025-06-11T18:35:36","date_gmt":"2025-06-11T18:35:36","guid":{"rendered":"https:\/\/international-barber.university\/?post_type=product&#038;p=2588"},"modified":"2025-06-27T21:30:00","modified_gmt":"2025-06-27T21:30:00","slug":"burst-fade-seminar","status":"publish","type":"product","link":"https:\/\/international-barber.university\/sl\/izdelek\/burst-fade-seminar\/","title":{"rendered":"DNEVNI SEMINAR \u2013 BURST FADE"},"content":{"rendered":"<p data-start=\"2480\" data-end=\"2745\">\u2702\ufe0f <strong data-start=\"2507\" data-end=\"2516\">BURST FADE<\/strong><br data-start=\"2516\" data-end=\"2519\" \/>Tehni\u010dno zahteven in vizualno dinami\u010den fade prehod.<br data-start=\"2571\" data-end=\"2574\" \/>\u2022 Teorija burst fade-a in postavitev okoli u\u0161esa<br data-start=\"2622\" data-end=\"2625\" \/>\u2022 Povezovanje kratkih strani z razli\u010dnimi dol\u017einami zgornjega dela<br data-start=\"2671\" data-end=\"2674\" \/>\u2022 \u010ciste, natan\u010dne linije<br data-start=\"2700\" data-end=\"2703\" \/>Prakti\u010dni del: natan\u010dna izvedba burst fade prehoda<\/p>\n<p data-start=\"2747\" data-end=\"2925\"><strong data-start=\"2747\" data-end=\"2790\">Enodnevni te\u010daj s jasno strukturo:<\/strong><br data-start=\"2790\" data-end=\"2793\" \/>\u2022 10:00\u201315:00 \u2013 Teorija + demonstracija<br data-start=\"2831\" data-end=\"2834\" \/>\u2022 15:00\u201316:00 \u2013 Odmor<br data-start=\"2855\" data-end=\"2858\" \/>\u2022 16:00\u2013do zaklju\u010dka \u2013 Prakti\u010dni del (na modelih ali lutkah)<\/p>","protected":false},"excerpt":{"rendered":"<h3><strong>\ud83d\uddd3 14.9.2026\u00a0 |\ud83d\udccd\u0160tevilo mest je omejeno<\/strong><\/h3>\n<p>Izbolj\u0161aj svoje fade ve\u0161\u010dine z dinami\u010dnim burst fade prehodom.\nTa te\u010daj je osredoto\u010den na tehni\u010dno natan\u010dnost, \u010diste linije in nadzor nad personalizirano silhueto.<\/p>","protected":false},"featured_media":2919,"template":"","meta":{"_acf_changed":false,"inline_featured_image":false},"product_brand":[],"product_cat":[26],"product_tag":[],"class_list":{"0":"post-2588","1":"product","2":"type-product","3":"status-publish","4":"has-post-thumbnail","6":"product_cat-seminars","8":"first","9":"instock","10":"taxable","11":"shipping-taxable","12":"purchasable","13":"product-type-variable"},"acf":[],"_links":{"self":[{"href":"https:\/\/international-barber.university\/sl\/wp-json\/wp\/v2\/product\/2588","targetHints":{"allow":["GET"]}}],"collection":[{"href":"https:\/\/international-barber.university\/sl\/wp-json\/wp\/v2\/product"}],"about":[{"href":"https:\/\/international-barber.university\/sl\/wp-json\/wp\/v2\/types\/product"}],"wp:featuredmedia":[{"embeddable":true,"href":"https:\/\/international-barber.university\/sl\/wp-json\/wp\/v2\/media\/2919"}],"wp:attachment":[{"href":"https:\/\/international-barber.university\/sl\/wp-json\/wp\/v2\/media?parent=2588"}],"wp:term":[{"taxonomy":"product_brand","embeddable":true,"href":"https:\/\/international-barber.university\/sl\/wp-json\/wp\/v2\/product_brand?post=2588"},{"taxonomy":"product_cat","embeddable":true,"href":"https:\/\/international-barber.university\/sl\/wp-json\/wp\/v2\/product_cat?post=2588"},{"taxonomy":"product_tag","embeddable":true,"href":"https:\/\/international-barber.university\/sl\/wp-json\/wp\/v2\/product_tag?post=2588"}],"curies":[{"name":"wp","href":"https:\/\/api.w.org\/{rel}","templated":true}]}}