{"id":2585,"date":"2025-06-11T18:34:52","date_gmt":"2025-06-11T18:34:52","guid":{"rendered":"https:\/\/international-barber.university\/?post_type=product&#038;p=2585"},"modified":"2025-06-27T21:30:21","modified_gmt":"2025-06-27T21:30:21","slug":"mullet-seminar","status":"publish","type":"product","link":"https:\/\/international-barber.university\/sl\/izdelek\/mullet-seminar\/","title":{"rendered":"DNEVNI SEMINAR \u2013 MULLET"},"content":{"rendered":"<p data-start=\"1776\" data-end=\"2074\">\u2702\ufe0f <strong data-start=\"1803\" data-end=\"1813\">MULLET<\/strong><br data-start=\"1813\" data-end=\"1816\" \/>Drzna, stilska vrnitev z moderno teksturo.<br data-start=\"1861\" data-end=\"1864\" \/>\u2022 Pravilno razdeljevanje za strukturo in ravnote\u017eje<br data-start=\"1909\" data-end=\"1912\" \/>\u2022 Povezovanje dol\u017eine zadaj z nadzorovanim zgornjim delom in frufrujem<br data-start=\"1968\" data-end=\"1971\" \/>\u2022 Zdru\u017eevanje mehkih in mo\u010dnih linij s plastenjem<br data-start=\"2018\" data-end=\"2021\" \/>Prakti\u010dni del: kreativno plastenje, teksturiranje in fade prehodi<\/p>\n<p data-start=\"2076\" data-end=\"2254\"><strong data-start=\"2076\" data-end=\"2119\">Enodnevni te\u010daj s jasno strukturo:<\/strong><br data-start=\"2119\" data-end=\"2122\" \/>\u2022 10:00\u201315:00 \u2013 Teorija + demonstracija<br data-start=\"2160\" data-end=\"2163\" \/>\u2022 15:00\u201316:00 \u2013 Odmor<br data-start=\"2184\" data-end=\"2187\" \/>\u2022 16:00\u2013do zaklju\u010dka \u2013 Prakti\u010dni del (na modelih ali lutkah)<\/p>","protected":false},"excerpt":{"rendered":"<h3><strong>\ud83d\uddd3 12.10.2026\u00a0 |\u00a0 \ud83d\udccd Na voljo je omejeno \u0161tevilo mest<\/strong><\/h3>\n<p>Osvoji sodobni mullet z drzno teksturo, pametnim plastenjem in teko\u010dimi prehodi oblik. Nau\u010di se zdru\u017eevati strukturo in ustvarjalno svobodo v eni frizuri.<\/p>","protected":false},"featured_media":2923,"template":"","meta":{"_acf_changed":false,"inline_featured_image":false},"product_brand":[],"product_cat":[26],"product_tag":[],"class_list":{"0":"post-2585","1":"product","2":"type-product","3":"status-publish","4":"has-post-thumbnail","6":"product_cat-seminars","8":"first","9":"instock","10":"taxable","11":"shipping-taxable","12":"purchasable","13":"product-type-variable"},"acf":[],"_links":{"self":[{"href":"https:\/\/international-barber.university\/sl\/wp-json\/wp\/v2\/product\/2585","targetHints":{"allow":["GET"]}}],"collection":[{"href":"https:\/\/international-barber.university\/sl\/wp-json\/wp\/v2\/product"}],"about":[{"href":"https:\/\/international-barber.university\/sl\/wp-json\/wp\/v2\/types\/product"}],"wp:featuredmedia":[{"embeddable":true,"href":"https:\/\/international-barber.university\/sl\/wp-json\/wp\/v2\/media\/2923"}],"wp:attachment":[{"href":"https:\/\/international-barber.university\/sl\/wp-json\/wp\/v2\/media?parent=2585"}],"wp:term":[{"taxonomy":"product_brand","embeddable":true,"href":"https:\/\/international-barber.university\/sl\/wp-json\/wp\/v2\/product_brand?post=2585"},{"taxonomy":"product_cat","embeddable":true,"href":"https:\/\/international-barber.university\/sl\/wp-json\/wp\/v2\/product_cat?post=2585"},{"taxonomy":"product_tag","embeddable":true,"href":"https:\/\/international-barber.university\/sl\/wp-json\/wp\/v2\/product_tag?post=2585"}],"curies":[{"name":"wp","href":"https:\/\/api.w.org\/{rel}","templated":true}]}}