{"id":1637,"date":"2025-06-08T18:12:30","date_gmt":"2025-06-08T18:12:30","guid":{"rendered":"https:\/\/international-barber.university\/?post_type=product&#038;p=1637"},"modified":"2026-03-01T00:05:26","modified_gmt":"2026-03-01T00:05:26","slug":"fundamentals","status":"publish","type":"product","link":"https:\/\/international-barber.university\/sl\/izdelek\/fundamentals\/","title":{"rendered":"The Shape Code: Fundamentals (Level 1)"},"content":{"rendered":"<h2 class=\"p1\">Umetnost osnovnih oblik stri\u017eenja<\/h2>\n<p class=\"p1\">Ta ekskluzivni, napreden te\u010daj je namenjen profesionalcem, ki \u017eelijo izpopolniti svoje znanje<br \/>\nosnovnih oblik stri\u017eenja \u2013 temeljnih principov, ki predstavljajo hrbtenico vseh naprednih frizerskih tehnik.<\/p>\n<p class=\"p1\">V \u0161tirih intenzivnih dneh bodo udele\u017eenci poglobljeno raziskali vse klasi\u010dne oblike stri\u017eenja,<br \/>\npri \u010demer bo vsaka oblika razstavljena do najmanj\u0161ih tehni\u010dnih in estetskih detajlov.<\/p>\n<p class=\"p1\">Vsak dan je razdeljen na tri klju\u010dne faze:<\/p>\n<p class=\"p1\">1. Teorija \u2013 Poglobljeno razumevanje oblike, strukture, razporeditve mase in namena vsake tehnike.<\/p>\n<p class=\"p1\">2. Demonstracija \u2013 Prikaz vsake oblike in metode v \u017eivo, korak za korakom.<\/p>\n<p class=\"p1\">3. Prakti\u010dno delo \u2013 Udele\u017eenci bodo vsako tehniko izvedli sami na lutkah in v praksi uporabili pridobljeno teoreti\u010dno znanje ter tehni\u010dno natan\u010dnost.<\/p>\n<p class=\"p1\">Osredoto\u010dili se bomo na arhitekturo frizure, gibanje las, nadzor volumna in mase ter namerno uporabo tehnik za doseganje to\u010dno dolo\u010denih rezultatov.<\/p>\n<p class=\"p1\">Program je namenjen frizerjem, ki \u017eelijo svoje znanje dvigniti na najvi\u0161ji profesionalni nivo in zares obvladati osnove stri\u017eenja.<\/p>\n<p class=\"p1\">Vsa u\u010dna gradiva in profesionalne lutke so vklju\u010dene v ceno.<\/p>","protected":false},"excerpt":{"rendered":"<h3><strong>\ud83d\uddd3 2.2.2027\u00a0 |\ud83d\udccd Limited spots available<\/strong><\/h3>\n<p>\u0160tiridnevni intenzivni te\u010daj, namenjen obvladovanju osnovnih oblik in principov vseh profesionalnih frizur. Zgradi trdne temelje v strukturi, ravnote\u017eju in tehni\u010dni natan\u010dnosti \u2702\ufe0f.<\/p>","protected":false},"featured_media":1638,"template":"","meta":{"_acf_changed":false,"inline_featured_image":false},"product_brand":[],"product_cat":[25,58],"product_tag":[],"class_list":{"0":"post-1637","1":"product","2":"type-product","3":"status-publish","4":"has-post-thumbnail","6":"product_cat-courses","7":"product_cat-the-shape-code","9":"first","10":"instock","11":"taxable","12":"shipping-taxable","13":"purchasable","14":"product-type-simple"},"acf":[],"_links":{"self":[{"href":"https:\/\/international-barber.university\/sl\/wp-json\/wp\/v2\/product\/1637","targetHints":{"allow":["GET"]}}],"collection":[{"href":"https:\/\/international-barber.university\/sl\/wp-json\/wp\/v2\/product"}],"about":[{"href":"https:\/\/international-barber.university\/sl\/wp-json\/wp\/v2\/types\/product"}],"wp:featuredmedia":[{"embeddable":true,"href":"https:\/\/international-barber.university\/sl\/wp-json\/wp\/v2\/media\/1638"}],"wp:attachment":[{"href":"https:\/\/international-barber.university\/sl\/wp-json\/wp\/v2\/media?parent=1637"}],"wp:term":[{"taxonomy":"product_brand","embeddable":true,"href":"https:\/\/international-barber.university\/sl\/wp-json\/wp\/v2\/product_brand?post=1637"},{"taxonomy":"product_cat","embeddable":true,"href":"https:\/\/international-barber.university\/sl\/wp-json\/wp\/v2\/product_cat?post=1637"},{"taxonomy":"product_tag","embeddable":true,"href":"https:\/\/international-barber.university\/sl\/wp-json\/wp\/v2\/product_tag?post=1637"}],"curies":[{"name":"wp","href":"https:\/\/api.w.org\/{rel}","templated":true}]}}