{"id":1643,"date":"2025-06-08T18:08:55","date_gmt":"2025-06-08T18:08:55","guid":{"rendered":"https:\/\/international-barber.university\/?post_type=product&#038;p=1643"},"modified":"2026-02-14T08:47:53","modified_gmt":"2026-02-14T08:47:53","slug":"fade","status":"publish","type":"product","link":"https:\/\/international-barber.university\/hr\/proizvod\/fade\/","title":{"rendered":"The Shape Code: Fade (Level 4)"},"content":{"rendered":"<h2>Savladavanje modernog Fade-a<\/h2>\n<p class=\"p1\">Fade je posljednje poglavlje na\u0161e serije napredne edukacije u \u010detiri dijela \u2013 fokusiranog, \u010detverodnevnog putovanja u svijet \u0161i\u0161anja ma\u0161inicom i tehnika fade-a, osmi\u0161ljenog za one koji \u017eele unijeti pravu o\u0161trinu, kontrolu i modernu notu u svoj repertoar \u0161i\u0161anja.<\/p>\n<p class=\"p1\">Ova radionica je u potpunosti posve\u0107ena strukturi, teoriji i izvedbi fadeova, spajaju\u0107i tehni\u010dko majstorstvo s kreativnom primjenom.<\/p>\n<p class=\"p1\">Tijekom \u010detiri intenzivna dana, pro\u0107i \u0107emo kroz cijeli spektar vrsta fade-a:<\/p>\n<p class=\"p1\">\u2013 Dan 1 \u2013 Taper Fade: savladavanje suptilnih prijelaza i mekih detalja.<\/p>\n<p class=\"p1\">\u2013 2. dan \u2013 Low Fade: balansiraju\u0107a struktura s niskom gradacijom.<\/p>\n<p class=\"p1\">\u2013 3. dan \u2013 Medium Fade: pobolj\u0161anje simetrije i konturiranje oblika kroz srednji dio.<\/p>\n<p class=\"p1\">\u2013 Dan 4 \u2013 High Fade: smjeli kontrasti i sna\u017ean vizualni utjecaj.<\/p>\n<p class=\"p1\"><strong>Svaki dan se sastoji od:<\/strong><\/p>\n<p class=\"p1\">1. Teorija \u2013 Mehanika klipera, struktura fade-a, upravljanje lopaticama i sustavi smjernica.<\/p>\n<p class=\"p1\">2. Demonstracija \u2013 Izvedba u\u017eivo svake vrste fade-a s potpunim ra\u0161\u010dlanjivanjem.<\/p>\n<p class=\"p1\">3. Prakti\u010dna vje\u017eba \u2013 Polaznici \u0107e raditi na modelima, usavr\u0161avaju\u0107i fadeove profesionalnim tehnikama \u0161i\u0161anja.<\/p>\n<p class=\"p1\">\u2193<\/p>\n<p class=\"p1\">Posljednjeg dana, sudionici \u0107e kombinirati metode fade-a u kreativne hibridne dizajne, spajaju\u0107i strukturu s individualno\u0161\u0107u i istra\u017euju\u0107i umjetni\u010dku stranu rada s clipperom.<\/p>\n<p class=\"p1\">Do kraja Fadea, polaznici \u0107e oti\u0107i s sveobuhvatnim, sistemskim razumijevanjem fadea, samopouzdanjem za kori\u0161tenje \u0161kara kao preciznog alata i vizijom za primjenu ovih tehnika u komercijalnim i kreativnim okru\u017eenjima.<\/p>\n<p class=\"p1\"><strong>Sav materijal i \u017eivi modeli su uklju\u010deni u cijenu.<\/strong><\/p>","protected":false},"excerpt":{"rendered":"<h3><strong>\ud83d\uddd3 2.11.2027\u00a0 |\ud83d\udccd Limited spots available<\/strong><\/h3>\n<p data-start=\"75\" data-end=\"270\">Ovaj napredni \u010detverodnevni te\u010daj posve\u0107en je savladavanju svih vrsta fade-a - od su\u017eenog do jakog fade-a. Osmi\u0161ljen je za brija\u010de koji su spremni usavr\u0161iti kontrolu nad svojim trimerom \u2702\ufe0f i podi\u0107i svoju kreativnu preciznost.<\/p>","protected":false},"featured_media":1639,"template":"","meta":{"_acf_changed":false,"inline_featured_image":false},"product_brand":[],"product_cat":[25,58],"product_tag":[],"class_list":{"0":"post-1643","1":"product","2":"type-product","3":"status-publish","4":"has-post-thumbnail","6":"product_cat-courses","7":"product_cat-the-shape-code","9":"first","10":"instock","11":"taxable","12":"shipping-taxable","13":"purchasable","14":"product-type-simple"},"acf":[],"_links":{"self":[{"href":"https:\/\/international-barber.university\/hr\/wp-json\/wp\/v2\/product\/1643","targetHints":{"allow":["GET"]}}],"collection":[{"href":"https:\/\/international-barber.university\/hr\/wp-json\/wp\/v2\/product"}],"about":[{"href":"https:\/\/international-barber.university\/hr\/wp-json\/wp\/v2\/types\/product"}],"wp:featuredmedia":[{"embeddable":true,"href":"https:\/\/international-barber.university\/hr\/wp-json\/wp\/v2\/media\/1639"}],"wp:attachment":[{"href":"https:\/\/international-barber.university\/hr\/wp-json\/wp\/v2\/media?parent=1643"}],"wp:term":[{"taxonomy":"product_brand","embeddable":true,"href":"https:\/\/international-barber.university\/hr\/wp-json\/wp\/v2\/product_brand?post=1643"},{"taxonomy":"product_cat","embeddable":true,"href":"https:\/\/international-barber.university\/hr\/wp-json\/wp\/v2\/product_cat?post=1643"},{"taxonomy":"product_tag","embeddable":true,"href":"https:\/\/international-barber.university\/hr\/wp-json\/wp\/v2\/product_tag?post=1643"}],"curies":[{"name":"wp","href":"https:\/\/api.w.org\/{rel}","templated":true}]}}